{"id":5,"date":"2020-04-08T11:33:02","date_gmt":"2020-04-08T11:33:02","guid":{"rendered":"http:\/\/84.127.19.209:1234\/?page_id=5"},"modified":"2024-08-14T07:33:42","modified_gmt":"2024-08-14T07:33:42","slug":"home","status":"publish","type":"page","link":"https:\/\/www.graficassanvicente.es\/","title":{"rendered":"Home"},"content":{"rendered":"<p>[et_pb_section fb_built=\u00bb1&#8243; _builder_version=\u00bb4.16&#8243; custom_padding=\u00bb||0px|||\u00bb global_colors_info=\u00bb{}\u00bb][et_pb_row _builder_version=\u00bb4.18.0&#8243; _module_preset=\u00bbdefault\u00bb width=\u00bb100%\u00bb custom_margin=\u00bb-43px|auto||auto||\u00bb custom_padding=\u00bb0px|||||\u00bb global_colors_info=\u00bb{}\u00bb][et_pb_column type=\u00bb4_4&#8243; _builder_version=\u00bb4.18.0&#8243; _module_preset=\u00bbdefault\u00bb global_colors_info=\u00bb{}\u00bb][et_pb_slider arrows_custom_color=\u00bb#FFFFFF\u00bb dot_nav_custom_color=\u00bb#FFFFFF\u00bb _builder_version=\u00bb4.21.0&#8243; _module_preset=\u00bbdefault\u00bb header_level=\u00bbh1&#8243; header_text_color=\u00bb#FFFFFF\u00bb body_text_color=\u00bb#e00b00&#8243; background_enable_image=\u00bboff\u00bb custom_button=\u00bbon\u00bb button_text_color=\u00bb#FFFFFF\u00bb button_border_color=\u00bb#ffffff\u00bb custom_margin=\u00bb-10px|||||\u00bb custom_padding=\u00bb48px||57px|||\u00bb auto=\u00bbon\u00bb link_option_url=\u00bb\/index.php\/tienda\/\u00bb global_colors_info=\u00bb{}\u00bb][et_pb_slide heading=\u00bbM\u00e1s de 30 a\u00f1os de experiencia en el sector\u00bb button_text=\u00bbIr a la tienda\u00bb button_link=\u00bb\/index.php\/tienda\/\u00bb _builder_version=\u00bb4.21.0&#8243; _module_preset=\u00bbdefault\u00bb header_level=\u00bbh2&#8243; background_image=\u00bbhttps:\/\/www.graficassanvicente.es\/wp-content\/uploads\/2024\/08\/fondos2.jpg\u00bb background_enable_image=\u00bbon\u00bb global_colors_info=\u00bb{}\u00bb sticky_transition=\u00bbon\u00bb][\/et_pb_slide][et_pb_slide heading=\u00bbLa calidad y tu satisfacci\u00f3n es nuestra primera prioridad\u00bb button_text=\u00bbIr a la tienda\u00bb button_link=\u00bb\/index.php\/tienda\/\u00bb _builder_version=\u00bb4.21.0&#8243; _module_preset=\u00bbdefault\u00bb header_level=\u00bbh2&#8243; background_image=\u00bbhttps:\/\/www.graficassanvicente.es\/wp-content\/uploads\/2024\/08\/fondos2.jpg\u00bb background_enable_image=\u00bbon\u00bb global_colors_info=\u00bb{}\u00bb sticky_transition=\u00bbon\u00bb][\/et_pb_slide][\/et_pb_slider][\/et_pb_column][\/et_pb_row][\/et_pb_section][et_pb_section fb_built=\u00bb1&#8243; _builder_version=\u00bb4.18.0&#8243; _module_preset=\u00bbdefault\u00bb overflow-x=\u00bbvisible\u00bb overflow-y=\u00bbvisible\u00bb custom_margin=\u00bb45px|||||\u00bb custom_padding=\u00bb0px|||||\u00bb global_colors_info=\u00bb{}\u00bb][et_pb_row _builder_version=\u00bb4.21.0&#8243; _module_preset=\u00bbdefault\u00bb global_colors_info=\u00bb{}\u00bb][et_pb_column type=\u00bb4_4&#8243; _builder_version=\u00bb4.21.0&#8243; _module_preset=\u00bbdefault\u00bb global_colors_info=\u00bb{}\u00bb][et_pb_text _builder_version=\u00bb4.21.0&#8243; _module_preset=\u00bbdefault\u00bb global_colors_info=\u00bb{}\u00bb]<\/p>\n<h1 style=\"text-align: center;\">Imprenta en San Vicente del Raspeig.<br \/>Como imprenta gr\u00e1fica, ofrecemos gran variedad de productos para satisfacer todas tus necesidades de impresi\u00f3n:<\/h1>\n<p>[\/et_pb_text][\/et_pb_column][\/et_pb_row][et_pb_row column_structure=\u00bb1_3,1_3,1_3&#8243; _builder_version=\u00bb4.18.0&#8243; _module_preset=\u00bbdefault\u00bb overflow-x=\u00bbvisible\u00bb overflow-y=\u00bbvisible\u00bb global_colors_info=\u00bb{}\u00bb][et_pb_column type=\u00bb1_3&#8243; _builder_version=\u00bb4.18.0&#8243; _module_preset=\u00bbdefault\u00bb global_colors_info=\u00bb{}\u00bb][et_pb_blurb title=\u00bbImpresi\u00f3n en gran formato\u00bb url=\u00bb\/index.php\/categoria-producto\/gran-formato\/\u00bb image=\u00bbhttps:\/\/www.graficassanvicente.es\/wp-content\/uploads\/2022\/10\/plotter_esc.jpg\u00bb _builder_version=\u00bb4.21.0&#8243; _module_preset=\u00bbdefault\u00bb text_orientation=\u00bbcenter\u00bb hover_enabled=\u00bb0&#8243; global_colors_info=\u00bb{}\u00bb alt=\u00bbimpresion en gran formato\u00bb sticky_enabled=\u00bb0&#8243;]<\/p>\n<p>En <strong>Gr\u00e1ficas San Vicente<\/strong>, somos l\u00edderes entre las <strong>imprentas gr\u00e1ficas de Alicante<\/strong> y San Vicente. Realizamos impresiones de gran formato ideales para mupis, etiquetas adhesivas en vinilo de todos los tama\u00f1os, carteles en PVC de varios grosores, imanes, lonas y lienzos.<\/p>\n<p>[\/et_pb_blurb][\/et_pb_column][et_pb_column type=\u00bb1_3&#8243; _builder_version=\u00bb4.18.0&#8243; _module_preset=\u00bbdefault\u00bb global_colors_info=\u00bb{}\u00bb][et_pb_blurb title=\u00bbCamisetas personalizadas\u00bb url=\u00bb\/index.php\/producto\/camisetas\/\u00bb image=\u00bbhttps:\/\/www.graficassanvicente.es\/wp-content\/uploads\/2022\/10\/camisetas_esc.jpg\u00bb _builder_version=\u00bb4.21.0&#8243; _module_preset=\u00bbdefault\u00bb text_orientation=\u00bbcenter\u00bb hover_enabled=\u00bb0&#8243; global_colors_info=\u00bb{}\u00bb alt=\u00bbcamisetas personalizadas\u00bb sticky_enabled=\u00bb0&#8243;]<\/p>\n<p>Como una de las principales <strong>imprentas gr\u00e1ficas en San Vicente<\/strong>, te ofrecemos camisetas personalizadas a todo color al mejor precio. Perfectas para eventos, promociones y regalos.<\/p>\n<p>[\/et_pb_blurb][\/et_pb_column][et_pb_column type=\u00bb1_3&#8243; _builder_version=\u00bb4.18.0&#8243; _module_preset=\u00bbdefault\u00bb global_colors_info=\u00bb{}\u00bb][et_pb_blurb title=\u00bbLibros y revistas\u00bb url=\u00bb\/index.php\/categoria-producto\/marketing\/catalogos-revistas-y-libros\/\u00bb image=\u00bbhttps:\/\/www.graficassanvicente.es\/wp-content\/uploads\/2022\/10\/libros.jpg\u00bb _builder_version=\u00bb4.21.0&#8243; _module_preset=\u00bbdefault\u00bb text_orientation=\u00bbcenter\u00bb hover_enabled=\u00bb0&#8243; global_colors_info=\u00bb{}\u00bb alt=\u00bbimpresion de libros y revistas\u00bb sticky_enabled=\u00bb0&#8243;]<\/p>\n<p>Especializados en la impresi\u00f3n de libros y revistas, somos la elecci\u00f3n preferida entre las <strong>imprentas gr\u00e1ficas en Alicante<\/strong> para eventos tradicionales como Moros y Cristianos y Hogueras.<\/p>\n<p>[\/et_pb_blurb][\/et_pb_column][\/et_pb_row][et_pb_row column_structure=\u00bb1_3,1_3,1_3&#8243; _builder_version=\u00bb4.18.0&#8243; _module_preset=\u00bbdefault\u00bb global_colors_info=\u00bb{}\u00bb][et_pb_column type=\u00bb1_3&#8243; _builder_version=\u00bb4.18.0&#8243; _module_preset=\u00bbdefault\u00bb global_colors_info=\u00bb{}\u00bb][et_pb_blurb title=\u00bbPapeler\u00eda comercial\u00bb url=\u00bb\/index.php\/categoria-producto\/papeleria-comercial\/\u00bb image=\u00bbhttps:\/\/www.graficassanvicente.es\/wp-content\/uploads\/2022\/10\/BC-Stylish-ES-768&#215;512-1.jpg\u00bb _builder_version=\u00bb4.21.0&#8243; _module_preset=\u00bbdefault\u00bb header_text_align=\u00bbcenter\u00bb text_orientation=\u00bbcenter\u00bb hover_enabled=\u00bb0&#8243; global_colors_info=\u00bb{}\u00bb alt=\u00bbpapeleria comercial\u00bb sticky_enabled=\u00bb0&#8243;]<\/p>\n<p>En <strong>Gr\u00e1ficas San Vicente<\/strong>, destacamos entre las <strong>imprentas en San Vicente<\/strong> por ofrecer una amplia variedad de productos de papeler\u00eda comercial, incluyendo cartas, sobres, tarjetas, carpetas con y sin solapa, adhesivos y sellos de caucho y autom\u00e1ticos.<\/p>\n<p>[\/et_pb_blurb][\/et_pb_column][et_pb_column type=\u00bb1_3&#8243; _builder_version=\u00bb4.18.0&#8243; _module_preset=\u00bbdefault\u00bb global_colors_info=\u00bb{}\u00bb][et_pb_blurb title=\u00bbInvitaciones y almanaques\u00bb url=\u00bb\/index.php\/categoria-producto\/almanaques\/\u00bb image=\u00bbhttps:\/\/www.graficassanvicente.es\/wp-content\/uploads\/2022\/10\/invitations.jpg\u00bb _builder_version=\u00bb4.21.0&#8243; _module_preset=\u00bbdefault\u00bb header_text_align=\u00bbcenter\u00bb text_orientation=\u00bbcenter\u00bb hover_enabled=\u00bb0&#8243; global_colors_info=\u00bb{}\u00bb alt=\u00bbimpresion de invitaciones y almanaques\u00bb sticky_enabled=\u00bb0&#8243;]<\/p>\n<p>Como una de las <strong>imprentas gr\u00e1ficas<\/strong> m\u00e1s reconocidas en Alicante y San Vicente, dise\u00f1amos invitaciones de boda y almanaques personalizados de sobremesa, con faldilla, l\u00e1minas y m\u00e1s.<\/p>\n<p>[\/et_pb_blurb][\/et_pb_column][et_pb_column type=\u00bb1_3&#8243; _builder_version=\u00bb4.18.0&#8243; _module_preset=\u00bbdefault\u00bb global_colors_info=\u00bb{}\u00bb][et_pb_blurb title=\u00bbMarketing\u00bb url=\u00bb\/index.php\/categoria-producto\/marketing\/\u00bb image=\u00bbhttps:\/\/www.graficassanvicente.es\/wp-content\/uploads\/2022\/10\/flyer_esc.jpg\u00bb alt=\u00bbimpresion de flyers, cat\u00e1logos y folletos\u00bb _builder_version=\u00bb4.21.0&#8243; _module_preset=\u00bbdefault\u00bb header_text_align=\u00bbcenter\u00bb text_orientation=\u00bbcenter\u00bb global_colors_info=\u00bb{}\u00bb]<\/p>\n<p>En <strong>Gr\u00e1ficas San Vicente<\/strong>, ampl\u00eda tu alcance con los servicios de marketing que ofrecemos. Como l\u00edderes entre las <strong>imprentas gr\u00e1ficas de Alicante<\/strong>, creamos flyers, carpetas de presentaci\u00f3n, revistas, cat\u00e1logos y folletos informativos.<\/p>\n<p>[\/et_pb_blurb][\/et_pb_column][\/et_pb_row][\/et_pb_section][et_pb_section fb_built=\u00bb1&#8243; _builder_version=\u00bb4.19.0&#8243; _module_preset=\u00bbdefault\u00bb background_image=\u00bbhttps:\/\/www.graficassanvicente.es\/wp-content\/uploads\/2022\/10\/printing_house_paper_ink_oscuro.jpg\u00bb global_colors_info=\u00bb{}\u00bb][et_pb_row _builder_version=\u00bb4.18.0&#8243; _module_preset=\u00bbdefault\u00bb custom_padding=\u00bb63px|||||\u00bb global_colors_info=\u00bb{}\u00bb][et_pb_column type=\u00bb4_4&#8243; _builder_version=\u00bb4.18.0&#8243; _module_preset=\u00bbdefault\u00bb global_colors_info=\u00bb{}\u00bb][et_pb_text _builder_version=\u00bb4.18.0&#8243; _module_preset=\u00bbdefault\u00bb global_colors_info=\u00bb{}\u00bb]<\/p>\n<h2 style=\"text-align: center; color: #FFFF\">\u00bfQuieres ver todo lo que ofrecemos?<\/h2>\n<p>[\/et_pb_text][\/et_pb_column][\/et_pb_row][et_pb_row _builder_version=\u00bb4.18.0&#8243; _module_preset=\u00bbdefault\u00bb global_colors_info=\u00bb{}\u00bb][et_pb_column type=\u00bb4_4&#8243; _builder_version=\u00bb4.18.0&#8243; _module_preset=\u00bbdefault\u00bb global_colors_info=\u00bb{}\u00bb][et_pb_button button_url=\u00bbindex.php\/tienda\/\u00bb button_text=\u00bbVer productos\u00bb button_alignment=\u00bbcenter\u00bb _builder_version=\u00bb4.18.0&#8243; _module_preset=\u00bbdefault\u00bb custom_button=\u00bbon\u00bb button_text_color=\u00bb#FFFFFF\u00bb button_border_color=\u00bb#FFFFFF\u00bb global_colors_info=\u00bb{}\u00bb][\/et_pb_button][\/et_pb_column][\/et_pb_row][\/et_pb_section][et_pb_section fb_built=\u00bb1&#8243; _builder_version=\u00bb4.18.0&#8243; _module_preset=\u00bbdefault\u00bb global_colors_info=\u00bb{}\u00bb][et_pb_row _builder_version=\u00bb4.18.0&#8243; _module_preset=\u00bbdefault\u00bb global_colors_info=\u00bb{}\u00bb][et_pb_column type=\u00bb4_4&#8243; _builder_version=\u00bb4.18.0&#8243; _module_preset=\u00bbdefault\u00bb global_colors_info=\u00bb{}\u00bb][et_pb_text _builder_version=\u00bb4.18.0&#8243; _module_preset=\u00bbdefault\u00bb link_option_url=\u00bb\/index.php\/contacto\u00bb global_colors_info=\u00bb{}\u00bb]<\/p>\n<h2 style=\"text-align: center;\">Contacta con nosotros<\/h2>\n<p>[\/et_pb_text][\/et_pb_column][\/et_pb_row][et_pb_row column_structure=\u00bb1_2,1_2&#8243; _builder_version=\u00bb4.18.0&#8243; _module_preset=\u00bbdefault\u00bb global_colors_info=\u00bb{}\u00bb][et_pb_column type=\u00bb1_2&#8243; _builder_version=\u00bb4.18.0&#8243; _module_preset=\u00bbdefault\u00bb global_colors_info=\u00bb{}\u00bb][et_pb_icon font_icon=\u00bb&#xe090;||divi||400&#8243; icon_color=\u00bb#E09900&#8243; icon_width=\u00bb45px\u00bb url=\u00bbtel:965664796&#8243; _builder_version=\u00bb4.21.0&#8243; _module_preset=\u00bbdefault\u00bb global_colors_info=\u00bb{}\u00bb][\/et_pb_icon][et_pb_text _builder_version=\u00bb4.21.0&#8243; _module_preset=\u00bbdefault\u00bb text_text_color=\u00bb#E02B20&#8243; global_colors_info=\u00bb{}\u00bb]<\/p>\n<p style=\"text-align: center;\"><a href=\"tel:965664796\"><small>965 664 796<\/small><\/a><\/p>\n<p>[\/et_pb_text][\/et_pb_column][et_pb_column type=\u00bb1_2&#8243; _builder_version=\u00bb4.18.0&#8243; _module_preset=\u00bbdefault\u00bb global_colors_info=\u00bb{}\u00bb][et_pb_icon font_icon=\u00bb&#xf2b6;||fa||400&#8243; icon_color=\u00bb#E09900&#8243; icon_width=\u00bb45px\u00bb url=\u00bbmailto:graficassanvicente@gmail.com\u00bb _builder_version=\u00bb4.21.0&#8243; _module_preset=\u00bbdefault\u00bb global_colors_info=\u00bb{}\u00bb][\/et_pb_icon][et_pb_text _builder_version=\u00bb4.21.0&#8243; _module_preset=\u00bbdefault\u00bb text_text_color=\u00bb#E02B20&#8243; global_colors_info=\u00bb{}\u00bb]<\/p>\n<p style=\"text-align: center;\"><small><a href=\"mailto:graficassanvicente@gmail.com\">graficassanvicente@gmail.com<\/a><\/small><\/p>\n<p>[\/et_pb_text][\/et_pb_column][\/et_pb_row][\/et_pb_section]<\/p>\n","protected":false},"excerpt":{"rendered":"<p>Imprenta en San Vicente del Raspeig.Como imprenta gr\u00e1fica, ofrecemos gran variedad de productos para satisfacer todas tus necesidades de impresi\u00f3n:En Gr\u00e1ficas San Vicente, somos l\u00edderes entre las imprentas gr\u00e1ficas de Alicante y San Vicente. Realizamos impresiones de gran formato ideales para mupis, etiquetas adhesivas en vinilo de todos los tama\u00f1os, carteles en PVC de varios [&hellip;]<\/p>\n","protected":false},"author":1,"featured_media":0,"parent":0,"menu_order":0,"comment_status":"closed","ping_status":"closed","template":"","meta":{"_et_pb_use_builder":"on","_et_pb_old_content":"","_et_gb_content_width":""},"_links":{"self":[{"href":"https:\/\/www.graficassanvicente.es\/index.php\/wp-json\/wp\/v2\/pages\/5"}],"collection":[{"href":"https:\/\/www.graficassanvicente.es\/index.php\/wp-json\/wp\/v2\/pages"}],"about":[{"href":"https:\/\/www.graficassanvicente.es\/index.php\/wp-json\/wp\/v2\/types\/page"}],"author":[{"embeddable":true,"href":"https:\/\/www.graficassanvicente.es\/index.php\/wp-json\/wp\/v2\/users\/1"}],"replies":[{"embeddable":true,"href":"https:\/\/www.graficassanvicente.es\/index.php\/wp-json\/wp\/v2\/comments?post=5"}],"version-history":[{"count":86,"href":"https:\/\/www.graficassanvicente.es\/index.php\/wp-json\/wp\/v2\/pages\/5\/revisions"}],"predecessor-version":[{"id":6610,"href":"https:\/\/www.graficassanvicente.es\/index.php\/wp-json\/wp\/v2\/pages\/5\/revisions\/6610"}],"wp:attachment":[{"href":"https:\/\/www.graficassanvicente.es\/index.php\/wp-json\/wp\/v2\/media?parent=5"}],"curies":[{"name":"wp","href":"https:\/\/api.w.org\/{rel}","templated":true}]}}